{"id":91,"date":"2010-02-27T22:02:42","date_gmt":"2010-02-27T21:02:42","guid":{"rendered":"http:\/\/www.hamborger-schietgaeng.de\/schietgaeng\/wordpress\/?page_id=91"},"modified":"2010-02-27T22:02:42","modified_gmt":"2010-02-27T21:02:42","slug":"so-klingts","status":"publish","type":"page","link":"https:\/\/hamborger-schietgaeng.de\/?page_id=91","title":{"rendered":"Schietg\u00e4ng h\u00f6ren und sehen"},"content":{"rendered":"<p>Musikbeispiel aus der CD!, hier klicken: <a href=\"http:\/\/www.hamborger-schietgaeng.de\/schietgaeng\/wordpress\/wp-content\/uploads\/2016\/kedelklopper.mp3\" target=\"_blank\" rel=\"noopener noreferrer\">Kedelklopper<\/a><\/p>\n<p>Beitrag \u00fcber ein Konzert in der Alten Synagoge Hagenow:<br \/>\n<iframe loading=\"lazy\" src=\"https:\/\/www.youtube.com\/embed\/UU2SO0SbcDU\" allowfullscreen=\"allowfullscreen\" width=\"560\" height=\"315\" frameborder=\"0\"><\/iframe><\/p>\n<p>Kurze Ausschnitte aus unserem Programm.<\/p>\n<p>&#8222;Ancors Away&#8220; in der Fabrik<br \/>\n<a href=\"https:\/\/www.youtube.com\/watch?v=NW6XSqMkjB0\" target=\"_blank\" rel=\"noopener noreferrer\"><img decoding=\"async\" src=\"http:\/\/hamborger-schietgaeng.de\/schietgaeng\/wordpress\/wp-content\/uploads\/2015\/Fabrik_Ancors-Away.jpg\" alt=\"Die Schietg\u00e4ng mit Ancors Away\" width=\"320\"\/><br \/>\nYoutube Video<\/a><\/p>\n<p>De Hamborger Schietg\u00e4ng mit &#8222;Hamborger Veermaster&#8220; in der Fabrik<br \/>\n<a href=\"https:\/\/www.youtube.com\/watch?v=5UxQ1KKTqdk&amp;feature=youtu.be\" target=\"_blank\" rel=\"noopener noreferrer\"><img decoding=\"async\" src=\"http:\/\/hamborger-schietgaeng.de\/schietgaeng\/wordpress\/wp-content\/uploads\/2015\/Fabrik-Veermaster.jpg\" alt=\"Die Schietg\u00e4ng mit Hamborger Veermaster\" width=\"320\"\/><br \/>\nYoutube Video<\/a><\/p>\n<p>Die Schietg\u00e4ng in der Fabrik mit Santiano<br \/>\n<a href=\"https:\/\/youtu.be\/dugxJBm1JKI\" target=\"_blank\" rel=\"noopener noreferrer\"><img decoding=\"async\" src=\"http:\/\/hamborger-schietgaeng.de\/schietgaeng\/wordpress\/wp-content\/uploads\/2015\/Fabrik-Santiano.jpg\" alt=\"Die Schietg\u00e4ng in der Fabrik mit Santiano\" width=\"320\"\/><br \/>\nYoutube Video<\/a><\/p>\n<p>Wi s\u00fcnd de Hamborger Schietg\u00e4ng, nu h\u00f6r mol to.<br \/>\n<a title=\"Youtube Video Wi s\u00fcnd de Hamborger Schietg\u00e4ng\" href=\"https:\/\/www.youtube.com\/watch?v=O-HO4QGaMJg\" target=\"_blank\" rel=\"noopener noreferrer\"><img decoding=\"async\" src=\"http:\/\/hamborger-schietgaeng.de\/schietgaeng\/wordpress\/wp-content\/uploads\/2015\/Fabrik-Schietgaeng.jpg\" alt=\"Die Schietg\u00e4ng in der Fabrik mit Santiano\" width=\"320\"\/><br \/>\nYoutube Video<\/a><\/p>\n<p><a name=\"reeper\"><\/a>Die Schietg\u00e4ng im Hamburg Journal:<br \/>\n<a title=\"Die Schietg\u00e4ng im Hamburg Journal\" href=\"http:\/\/www.youtube.com\/watch?v=3aNdzs3q2zo\" target=\"_blank\" rel=\"noopener noreferrer\"><img loading=\"lazy\" decoding=\"async\" title=\"Die Schietg\u00e4ng im Fernsehen\" src=\"http:\/\/www.hamborger-schietgaeng.de\/schietgaeng\/wordpress\/wp-content\/uploads\/2014\/Hamburg-Journal.jpg\" alt=\"Die Schietg\u00e4ng im Fernsehen\" width=\"320\" height=\"240\"\/><br \/>\nYoutube Video Hamburg Journal<\/a><\/p>\n<p>&#8222;Scholz &amp; Friends&#8220; \u00d6ffnung der Freihafengrenze in Wilhelmsburg mit B\u00fcrgermeister Olaf Scholz am 12. Januar 2013 bei Eisesk\u00e4lte:<br \/>\n<a href=\"http:\/\/www.youtube.com\/watch?v=1RB_tiWdeY0\" target=\"_blank\" rel=\"noopener noreferrer\"><img decoding=\"async\" title=\"Auftritt der Zollzaun f\u00e4llt\" src=\"http:\/\/www.hamborger-schietgaeng.de\/schietgaeng\/wordpress\/wp-content\/uploads\/2014\/Zollzaun.jpg\" alt=\"Der Zollzaun f\u00e4llt\"\/><br \/>\nYoutube Video Zollzaun f\u00e4llt<\/a><\/p>\n<p>Die Schietg\u00e4ng auf dem &#8222;Wei\u00dfen Schwan des S\u00fcdatlantiks&#8220;:<br \/>\n<a title=\"Cap San Diego\" href=\"http:\/\/www.youtube.com\/watch?v=UF28ysfJrdQ\" target=\"_blank\" rel=\"noopener noreferrer\"><img loading=\"lazy\" decoding=\"async\" title=\"Cap San Diego\" src=\"http:\/\/www.hamborger-schietgaeng.de\/schietgaeng\/wordpress\/wp-content\/gallery\/cap-san-diego\/img_2696.jpg\" alt=\"Auftritt der Schietg\u00e4ng auf der Cap San Diego\" width=\"320\" height=\"214\"\/><br \/>\nYoutube Video Auftritt Cap San Diego<\/a><\/p>\n<p>&#8222;Hamborger Schietg\u00e4ng Song&#8220;<\/p>\n<audio class=\"wp-audio-shortcode\" id=\"audio-91-1\" preload=\"none\" style=\"width: 100%;\" controls=\"controls\"><source type=\"audio\/mpeg\" src=\"https:\/\/hamborger-schietgaeng.de\/wp-content\/uploads\/2019\/10\/hamborger-schietgaeng-1.mp3?_=1\" \/><a href=\"https:\/\/hamborger-schietgaeng.de\/wp-content\/uploads\/2019\/10\/hamborger-schietgaeng-1.mp3\">https:\/\/hamborger-schietgaeng.de\/wp-content\/uploads\/2019\/10\/hamborger-schietgaeng-1.mp3<\/a><\/audio>\n<p>&#8222;Sally Brown&#8220;<\/p>\n<audio class=\"wp-audio-shortcode\" id=\"audio-91-2\" preload=\"none\" style=\"width: 100%;\" controls=\"controls\"><source type=\"audio\/mpeg\" src=\"https:\/\/hamborger-schietgaeng.de\/wp-content\/uploads\/2019\/10\/sally-brown-1.mp3?_=2\" \/><a href=\"https:\/\/hamborger-schietgaeng.de\/wp-content\/uploads\/2019\/10\/sally-brown-1.mp3\">https:\/\/hamborger-schietgaeng.de\/wp-content\/uploads\/2019\/10\/sally-brown-1.mp3<\/a><\/audio>\n<p>&#8222;The Drunken Sailor&#8220;<\/p>\n<audio class=\"wp-audio-shortcode\" id=\"audio-91-3\" preload=\"none\" style=\"width: 100%;\" controls=\"controls\"><source type=\"audio\/mpeg\" src=\"https:\/\/hamborger-schietgaeng.de\/wp-content\/uploads\/2019\/10\/the-drunken-sailor-1.mp3?_=3\" \/><a href=\"https:\/\/hamborger-schietgaeng.de\/wp-content\/uploads\/2019\/10\/the-drunken-sailor-1.mp3\">https:\/\/hamborger-schietgaeng.de\/wp-content\/uploads\/2019\/10\/the-drunken-sailor-1.mp3<\/a><\/audio>\n<p>&#8222;Gro\u00dfstadtlicht f\u00e4llt auf den Hafen&#8220;<\/p>\n<audio class=\"wp-audio-shortcode\" id=\"audio-91-4\" preload=\"none\" style=\"width: 100%;\" controls=\"controls\"><source type=\"audio\/mpeg\" src=\"https:\/\/hamborger-schietgaeng.de\/wp-content\/uploads\/2019\/10\/grossstadtlicht-1.mp3?_=4\" \/><a href=\"https:\/\/hamborger-schietgaeng.de\/wp-content\/uploads\/2019\/10\/grossstadtlicht-1.mp3\">https:\/\/hamborger-schietgaeng.de\/wp-content\/uploads\/2019\/10\/grossstadtlicht-1.mp3<\/a><\/audio>\n<p>&#8222;Deep blue Sea&#8220;<\/p>\n<audio class=\"wp-audio-shortcode\" id=\"audio-91-5\" preload=\"none\" style=\"width: 100%;\" controls=\"controls\"><source type=\"audio\/mpeg\" src=\"https:\/\/hamborger-schietgaeng.de\/wp-content\/uploads\/2019\/11\/deepbluesea1-1.mp3?_=5\" \/><a href=\"https:\/\/hamborger-schietgaeng.de\/wp-content\/uploads\/2019\/11\/deepbluesea1-1.mp3\">https:\/\/hamborger-schietgaeng.de\/wp-content\/uploads\/2019\/11\/deepbluesea1-1.mp3<\/a><\/audio>\n","protected":false},"excerpt":{"rendered":"<p>Musikbeispiel aus der CD!, hier klicken: Kedelklopper Beitrag \u00fcber ein Konzert in der Alten Synagoge Hagenow: Kurze Ausschnitte aus unserem Programm. &#8222;Ancors Away&#8220; in der Fabrik Youtube Video De Hamborger &hellip; <\/p>\n<p class=\"link-more\"><a href=\"https:\/\/hamborger-schietgaeng.de\/?page_id=91\" class=\"more-link\"><span class=\"screen-reader-text\">\u201eSchietg\u00e4ng h\u00f6ren und sehen\u201c <\/span>weiterlesen<\/a><\/p>\n","protected":false},"author":2,"featured_media":0,"parent":0,"menu_order":0,"comment_status":"closed","ping_status":"closed","template":"","meta":{"ngg_post_thumbnail":0,"footnotes":""},"class_list":["post-91","page","type-page","status-publish","hentry"],"_links":{"self":[{"href":"https:\/\/hamborger-schietgaeng.de\/index.php?rest_route=\/wp\/v2\/pages\/91","targetHints":{"allow":["GET"]}}],"collection":[{"href":"https:\/\/hamborger-schietgaeng.de\/index.php?rest_route=\/wp\/v2\/pages"}],"about":[{"href":"https:\/\/hamborger-schietgaeng.de\/index.php?rest_route=\/wp\/v2\/types\/page"}],"author":[{"embeddable":true,"href":"https:\/\/hamborger-schietgaeng.de\/index.php?rest_route=\/wp\/v2\/users\/2"}],"replies":[{"embeddable":true,"href":"https:\/\/hamborger-schietgaeng.de\/index.php?rest_route=%2Fwp%2Fv2%2Fcomments&post=91"}],"version-history":[{"count":0,"href":"https:\/\/hamborger-schietgaeng.de\/index.php?rest_route=\/wp\/v2\/pages\/91\/revisions"}],"wp:attachment":[{"href":"https:\/\/hamborger-schietgaeng.de\/index.php?rest_route=%2Fwp%2Fv2%2Fmedia&parent=91"}],"curies":[{"name":"wp","href":"https:\/\/api.w.org\/{rel}","templated":true}]}}