{"id":620,"date":"2011-06-22T11:21:08","date_gmt":"2011-06-22T09:21:08","guid":{"rendered":"http:\/\/www.hamborger-schietgaeng.de\/?page_id=620"},"modified":"2011-06-22T11:21:08","modified_gmt":"2011-06-22T09:21:08","slug":"das-sagt-die-presse","status":"publish","type":"page","link":"https:\/\/hamborger-schietgaeng.de\/?page_id=620","title":{"rendered":"Das sagt die Presse:"},"content":{"rendered":"<p>&#8222;Eine fulminante Mischung aus Seemannsliedern, Hamburger Plattd\u00fc\u00fctsch, genialem A-cappella-Gesang (Shantys) und Klamauk.&#8220;<\/p>\n<p>&#8222;Selten sind Shantys so witzig-urig, so humorvoll und mitrei\u00dfend-w\u00fcrzig vorgetragen worden.&#8220;<\/p>\n<p>&#8222;Die Hamborger Schietg\u00e4ng, eine instrumental wie gesanglich tolle Truppe \u2026&#8220;<\/p>\n<p>&nbsp;<\/p>\n<p>\u00dcber das Konzert in Bad Bevensen im August 2015:<\/p>\n<p><a href=\"http:\/\/www.bad-bevensen-tourismus.de\/veranstaltungen-freizeittipps\/barbara-kaiser-schreibt\/15082015-hamborger-schietgaeng.html\" target=\"_blank\" rel=\"noopener\">www.bad-bevensen-tourismus.de<\/a><\/p>\n<p>&nbsp;<\/p>\n<p>Hamburger Abendblatt&nbsp; vom 17. Juni 2011 zum &#8222;Tag der Musik&#8220; 2011. Klicken Sie auf den Zeitungsausschnitt f\u00fcr eine gr\u00f6\u00dfere Darstellung in einem eigenen Fenster.<\/p>\n<p><a href=\"http:\/\/www.hamborger-schietgaeng.de\/schietgaeng\/wordpress\/wp-content\/uploads\/2011\/05\/tag-der-musik.pdf\" target=\"_blank\" rel=\"noopener\"><img decoding=\"async\" src=\"http:\/\/www.hamborger-schietgaeng.de\/schietgaeng\/wordpress\/wp-content\/uploads\/2011\/05\/abendblatt-t-d-m.jpg\" alt=\"\"\/><\/a><\/p>\n<p>Hier eine Beschreibung aus WANDSBEK informativ 10. September 2010<br \/>\nKlicken Sie auf den Zeitungsausschnitt f\u00fcr eine gr\u00f6\u00dfere Darstellung in einem eigenen Fenster.<br \/>\n<a href=\"https:\/\/hamborger-schietgaeng.de\/wp-content\/uploads\/2010\/03\/Konzertrezension-1.pdf\" target=\"_blank\" rel=\"noopener\"><img decoding=\"async\" src=\"http:\/\/www.hamborger-schietgaeng.de\/schietgaeng\/wordpress\/wp-content\/uploads\/2011\/05\/wandsbek-informativ.png\" alt=\"\"\/><\/a><\/p>\n<h3>DAN TOBACCO-MUSIKFESTIVAL MUSIKALISCHE VIELFALT IN INDUSTRIE-AMBIENTE<\/h3>\n<p>Sonntag, 4. Oktober 2009 19:56 &nbsp;&#8211;<br \/>\nVon Gregor Bator Bergedorfer Zeitung Lauenburg.<\/p>\n<p>Im Oktober 2007 hat der Gesch\u00e4ftsmann und praktizierende Musikliebhaber Dr. Heiko Behrens erstmals zum \u201eDan Tobacco-Musikfestival\u201c in die alte Tabakfabrik an der Hafenstra\u00dfe 30 eingeladen. Nun scheint die Veranstaltung fest im Kulturkalender der Elbestadt verankert: Drei Tage musikalische Vielfalt wurde bei Dan Tobacco serviert \u2013 kreisweit einmalig. &nbsp;Den \u201eKnaller\u201c des Abends lieferte die vom Liedermacher Jochen Wiegandt gegr\u00fcndete \u201eHamborger Schietg\u00e4ng\u201c. Eine fulminante Mischung aus Seemannsliedern, Hamburger Plattd\u00fc\u00fctsch, Flachwitz, genialem A-cappella-Gesang (Shantys) und Klamauk. Das maritim gef\u00e4rbte Programm widmete das Oktett dem Wasser und entnahm es der aktuellen Produktion \u201eSturmflut im Ententeich\u201c. Sp\u00e4testens beim \u201eAn de Eck steiht\u2019n Jung mit\u2019n T\u00fcdelband\u201c sang der ganze Saal den Refrain \u201eKlaun, klaun, \u00c4ppel w\u00fcllt wi klaun\u201c kr\u00e4ftig mit.<\/p>\n","protected":false},"excerpt":{"rendered":"<p>&#8222;Eine fulminante Mischung aus Seemannsliedern, Hamburger Plattd\u00fc\u00fctsch, genialem A-cappella-Gesang (Shantys) und Klamauk.&#8220; &#8222;Selten sind Shantys so witzig-urig, so humorvoll und mitrei\u00dfend-w\u00fcrzig vorgetragen worden.&#8220; &#8222;Die Hamborger Schietg\u00e4ng, eine instrumental wie gesanglich &hellip; <\/p>\n<p class=\"link-more\"><a href=\"https:\/\/hamborger-schietgaeng.de\/?page_id=620\" class=\"more-link\"><span class=\"screen-reader-text\">\u201eDas sagt die Presse:\u201c <\/span>weiterlesen<\/a><\/p>\n","protected":false},"author":2,"featured_media":0,"parent":0,"menu_order":0,"comment_status":"closed","ping_status":"closed","template":"","meta":{"ngg_post_thumbnail":0,"footnotes":""},"class_list":["post-620","page","type-page","status-publish","hentry"],"_links":{"self":[{"href":"https:\/\/hamborger-schietgaeng.de\/index.php?rest_route=\/wp\/v2\/pages\/620","targetHints":{"allow":["GET"]}}],"collection":[{"href":"https:\/\/hamborger-schietgaeng.de\/index.php?rest_route=\/wp\/v2\/pages"}],"about":[{"href":"https:\/\/hamborger-schietgaeng.de\/index.php?rest_route=\/wp\/v2\/types\/page"}],"author":[{"embeddable":true,"href":"https:\/\/hamborger-schietgaeng.de\/index.php?rest_route=\/wp\/v2\/users\/2"}],"replies":[{"embeddable":true,"href":"https:\/\/hamborger-schietgaeng.de\/index.php?rest_route=%2Fwp%2Fv2%2Fcomments&post=620"}],"version-history":[{"count":0,"href":"https:\/\/hamborger-schietgaeng.de\/index.php?rest_route=\/wp\/v2\/pages\/620\/revisions"}],"wp:attachment":[{"href":"https:\/\/hamborger-schietgaeng.de\/index.php?rest_route=%2Fwp%2Fv2%2Fmedia&parent=620"}],"curies":[{"name":"wp","href":"https:\/\/api.w.org\/{rel}","templated":true}]}}