{"id":227,"date":"2010-03-10T18:16:02","date_gmt":"2010-03-10T17:16:02","guid":{"rendered":"http:\/\/www.hamborger-schietgaeng.de\/schietgaeng\/wordpress\/?page_id=227"},"modified":"2010-03-10T18:16:02","modified_gmt":"2010-03-10T17:16:02","slug":"wi-sund-de-hamborger-schietgang","status":"publish","type":"page","link":"https:\/\/hamborger-schietgaeng.de\/?page_id=227","title":{"rendered":"Wi s\u00fcnd de Hamborger Schietg\u00e4ng"},"content":{"rendered":"<p>Wi s\u00fcnd de Hamborger Schietg\u00e4ng, nu h\u00f6r mol to.<br \/>\nWi singt Leeder, die kennt j\u00fc, ob Mann ob Fro.<br \/>\nSingt von&#8217;n Hamborger Hoben, von Scheepen und See,<br \/>\njo de Hamborger Schietg\u00e4ng in Luv und in Lee.<br \/>\nS\u00fcsst du de Hamborger Schietg\u00e4ng mol ob dien Kurs, r\u00f6pt se nur Hummel,<br \/>\nHummel! Und du r\u00f6ps Mors, Mors.<\/p>\n<p><em>Musik + Text: Holger Nowak<\/em><\/p>\n<p><a href=\"https:\/\/hamborger-schietgaeng.de\/wp-content\/uploads\/2010\/01\/schietgaeng-harry-1.jpg\"><img loading=\"lazy\" decoding=\"async\" class=\"alignleft size-full wp-image-438\" title=\"schietgaeng-harry\" src=\"https:\/\/hamborger-schietgaeng.de\/wp-content\/uploads\/2010\/01\/schietgaeng-harry-1.jpg\" alt=\"Eine Schietg\u00e4ng auf dem Segelschiff\" width=\"379\" height=\"477\" srcset=\"https:\/\/hamborger-schietgaeng.de\/wp-content\/uploads\/2010\/01\/schietgaeng-harry-1.jpg 379w, https:\/\/hamborger-schietgaeng.de\/wp-content\/uploads\/2010\/01\/schietgaeng-harry-1-238x300.jpg 238w\" sizes=\"auto, (max-width: 379px) 100vw, 379px\" \/><\/a><\/p>\n","protected":false},"excerpt":{"rendered":"<p>Wi s\u00fcnd de Hamborger Schietg\u00e4ng, nu h\u00f6r mol to. Wi singt Leeder, die kennt j\u00fc, ob Mann ob Fro. Singt von&#8217;n Hamborger Hoben, von Scheepen und See, jo de Hamborger &hellip; <\/p>\n<p class=\"link-more\"><a href=\"https:\/\/hamborger-schietgaeng.de\/?page_id=227\" class=\"more-link\"><span class=\"screen-reader-text\">\u201eWi s\u00fcnd de Hamborger Schietg\u00e4ng\u201c <\/span>weiterlesen<\/a><\/p>\n","protected":false},"author":2,"featured_media":0,"parent":220,"menu_order":0,"comment_status":"closed","ping_status":"closed","template":"","meta":{"ngg_post_thumbnail":0,"footnotes":""},"class_list":["post-227","page","type-page","status-publish","hentry"],"_links":{"self":[{"href":"https:\/\/hamborger-schietgaeng.de\/index.php?rest_route=\/wp\/v2\/pages\/227","targetHints":{"allow":["GET"]}}],"collection":[{"href":"https:\/\/hamborger-schietgaeng.de\/index.php?rest_route=\/wp\/v2\/pages"}],"about":[{"href":"https:\/\/hamborger-schietgaeng.de\/index.php?rest_route=\/wp\/v2\/types\/page"}],"author":[{"embeddable":true,"href":"https:\/\/hamborger-schietgaeng.de\/index.php?rest_route=\/wp\/v2\/users\/2"}],"replies":[{"embeddable":true,"href":"https:\/\/hamborger-schietgaeng.de\/index.php?rest_route=%2Fwp%2Fv2%2Fcomments&post=227"}],"version-history":[{"count":0,"href":"https:\/\/hamborger-schietgaeng.de\/index.php?rest_route=\/wp\/v2\/pages\/227\/revisions"}],"up":[{"embeddable":true,"href":"https:\/\/hamborger-schietgaeng.de\/index.php?rest_route=\/wp\/v2\/pages\/220"}],"wp:attachment":[{"href":"https:\/\/hamborger-schietgaeng.de\/index.php?rest_route=%2Fwp%2Fv2%2Fmedia&parent=227"}],"curies":[{"name":"wp","href":"https:\/\/api.w.org\/{rel}","templated":true}]}}