{"id":1722,"date":"2019-11-07T23:09:33","date_gmt":"2019-11-07T22:09:33","guid":{"rendered":"http:\/\/www.hamborger-schietgaeng.de\/?page_id=1722"},"modified":"2019-11-07T23:09:33","modified_gmt":"2019-11-07T22:09:33","slug":"in-hamburgs-speicherstadt-oder-saecke-an-jeder-ecke-2","status":"publish","type":"page","link":"https:\/\/hamborger-schietgaeng.de\/?page_id=1722","title":{"rendered":"In Hamburgs Speicherstadt oder S\u00e4cke an jeder Ecke"},"content":{"rendered":"<p>ANDREAS:<br \/>\nIn Hamburgs Speicherstadt<br \/>\nDie viele Speicher hat<br \/>\nHat jede Speicherecke<br \/>\nF\u00fcr alle Zwecke S\u00e4cke<br \/>\nIn Hamburg ist man gro\u00df auf Zack<br \/>\nHier findet man an jeder Ecke einen Sack!<\/p>\n<p>ANDREAS:<br \/>\nDa gibt es Kaffees\u00e4cke<br \/>\nUnd es gibt Tees\u00e4cke<br \/>\nEs gibt Pfeffers\u00e4cke<br \/>\nUnd es gibt Mehls\u00e4cke<br \/>\nEs gibt Kartoffels\u00e4cke<br \/>\nUnd es gibt Reiss\u00e4cke<br \/>\nEs gibt S\u00e4cke, S\u00e4cke, S\u00e4cke \u00fcberall<br \/>\nALLE: (auf jeden Fall!)<\/p>\n<p>ULI:<br \/>\nDa gibt es Salzs\u00e4cke<br \/>\nUnd es gibt Zuckers\u00e4cke<br \/>\nEs gibt Kohlens\u00e4cke<br \/>\nEs gibt Zements\u00e4cke<br \/>\nEs gibt Sands\u00e4cke<br \/>\nUnd es gibt Rucks\u00e4cke<br \/>\nEs gibt S\u00e4cke, S\u00e4cke, S\u00e4cke \u00fcberall<br \/>\nALLE: (auf jeden Fall!)<\/p>\n<p>J\u00d6RN:<br \/>\nDa gibt es Baumwolls\u00e4cke<br \/>\nUnd es gibt Leinens\u00e4cke<br \/>\nEs gibt Jutes\u00e4cke<br \/>\nUnd es gibt M\u00fclls\u00e4cke<br \/>\nEs gibt Plastiks\u00e4cke<br \/>\nGelbe &amp; Blaue S\u00e4cke<br \/>\nEs gibt S\u00e4cke, S\u00e4cke, S\u00e4cke \u00fcberall<br \/>\nALLE: (auf jeden Fall!)<\/p>\n<p>LUTZ:<br \/>\nDa gibt es Schlafs\u00e4cke<br \/>\nUnd es gibt Schlaffs\u00e4cke<br \/>\nEs gibt Schnarchs\u00e4cke<br \/>\nUnd es gibt Schlapps\u00e4cke<br \/>\nEs gibt Saufs\u00e4cke<br \/>\nUnd es gibt Safts\u00e4cke<br \/>\nEs gibt S\u00e4cke, S\u00e4cke, S\u00e4cke \u00fcberall<br \/>\n(auf jeden Fall!)<\/p>\n<p>TRISTAN :<br \/>\nDa gibt es Dudels\u00e4cke<br \/>\nUnd es gibt Winds\u00e4cke<br \/>\nEs gibt Sitzs\u00e4cke<br \/>\nUnd es gibt Sees\u00e4cke<br \/>\nEs gibt Flo\u00dfs\u00e4cke<br \/>\nUnd es gibt Plumps\u00e4cke<br \/>\nEs gibt S\u00e4cke, S\u00e4cke, S\u00e4cke \u00fcberall<br \/>\nALLE: (auf jeden Fall!)<\/p>\n<p>OLAF:<br \/>\nDa gibt es Faule S\u00e4cke<br \/>\nUnd es gibt Fetts\u00e4cke<br \/>\nEs gibt Fresss\u00e4cke<br \/>\nUnd es gibt Dumme S\u00e4cke<br \/>\nEs gibt Alte S\u00e4cke<br \/>\nHamburger Pfeffers\u00e4cke<br \/>\nEs gibt S\u00e4cke, S\u00e4cke, S\u00e4cke \u00fcberall<br \/>\nALLE: (auf jeden Fall!)<\/p>\n<p>HOLGER:<br \/>\nDa gibt es Leichens\u00e4cke<br \/>\nUnd es gibt Hodens\u00e4cke<br \/>\nEs gibt Tr\u00e4nens\u00e4cke<br \/>\nUnd es gibt Gelds\u00e4cke<br \/>\nEs gibt Geizs\u00e4cke<br \/>\nUnd es gibt Geile S\u00e4cke<br \/>\nEs gibt S\u00e4cke, S\u00e4cke, S\u00e4cke \u00fcberall<br \/>\nALLE: (auf jeden Fall!)<\/p>\n<p>ANDREAS:<br \/>\nIn Hamburgs Speicherstadt<br \/>\nALLE:<br \/>\nDie viele Speicher hat<br \/>\nANDREAS:<br \/>\nHat jede Speicherecke<br \/>\nALLE:<br \/>\nF\u00fcr alle Zwecke S\u00e4cke<br \/>\nIn Hamburg ist man gro\u00df auf Zack<br \/>\nANDREAS:<br \/>\nHier findet man an jeder Ecke einen Sack!<\/p>\n<p>ALLE: (auf jeden Fall!)<\/p>\n<p>Text &amp; Musik: Andreas Werling<br \/>\n26.07.15 \/ 03.11.15 \/ 04.04.16\/ 12.09.16<\/p>\n<p>Flo\u00dfs\u00e4cke: (<a href=\"https:\/\/de.wikipedia.org\/wiki\/Flo%C3%9Fsack\" target=\"_blank\" rel=\"noopener noreferrer\">https:\/\/de.wikipedia.org\/wiki\/Flo\u00dfsack<\/a>)<br \/>\nSchnapps\u00e4cke: (<a href=\"https:\/\/de.wikipedia.org\/wiki\/Schnappsack\" target=\"_blank\" rel=\"noopener noreferrer\">https:\/\/de.wikipedia.org\/wiki\/Schnappsack<\/a>)<\/p>\n<p><img loading=\"lazy\" decoding=\"async\" class=\"alignnone size-full wp-image-1724\" src=\"https:\/\/hamborger-schietgaeng.de\/wp-content\/uploads\/2019\/11\/image002-1.jpg\" alt=\"S\u00e4cke\" width=\"402\" height=\"420\" srcset=\"https:\/\/hamborger-schietgaeng.de\/wp-content\/uploads\/2019\/11\/image002-1.jpg 402w, https:\/\/hamborger-schietgaeng.de\/wp-content\/uploads\/2019\/11\/image002-1-287x300.jpg 287w\" sizes=\"auto, (max-width: 402px) 100vw, 402px\" \/><\/p>\n","protected":false},"excerpt":{"rendered":"<p>ANDREAS: In Hamburgs Speicherstadt Die viele Speicher hat Hat jede Speicherecke F\u00fcr alle Zwecke S\u00e4cke In Hamburg ist man gro\u00df auf Zack Hier findet man an jeder Ecke einen Sack! &hellip; <\/p>\n<p class=\"link-more\"><a href=\"https:\/\/hamborger-schietgaeng.de\/?page_id=1722\" class=\"more-link\"><span class=\"screen-reader-text\">\u201eIn Hamburgs Speicherstadt oder S\u00e4cke an jeder Ecke\u201c <\/span>weiterlesen<\/a><\/p>\n","protected":false},"author":2,"featured_media":0,"parent":220,"menu_order":0,"comment_status":"closed","ping_status":"closed","template":"","meta":{"ngg_post_thumbnail":0,"footnotes":""},"class_list":["post-1722","page","type-page","status-publish","hentry"],"_links":{"self":[{"href":"https:\/\/hamborger-schietgaeng.de\/index.php?rest_route=\/wp\/v2\/pages\/1722","targetHints":{"allow":["GET"]}}],"collection":[{"href":"https:\/\/hamborger-schietgaeng.de\/index.php?rest_route=\/wp\/v2\/pages"}],"about":[{"href":"https:\/\/hamborger-schietgaeng.de\/index.php?rest_route=\/wp\/v2\/types\/page"}],"author":[{"embeddable":true,"href":"https:\/\/hamborger-schietgaeng.de\/index.php?rest_route=\/wp\/v2\/users\/2"}],"replies":[{"embeddable":true,"href":"https:\/\/hamborger-schietgaeng.de\/index.php?rest_route=%2Fwp%2Fv2%2Fcomments&post=1722"}],"version-history":[{"count":0,"href":"https:\/\/hamborger-schietgaeng.de\/index.php?rest_route=\/wp\/v2\/pages\/1722\/revisions"}],"up":[{"embeddable":true,"href":"https:\/\/hamborger-schietgaeng.de\/index.php?rest_route=\/wp\/v2\/pages\/220"}],"wp:attachment":[{"href":"https:\/\/hamborger-schietgaeng.de\/index.php?rest_route=%2Fwp%2Fv2%2Fmedia&parent=1722"}],"curies":[{"name":"wp","href":"https:\/\/api.w.org\/{rel}","templated":true}]}}