{"id":105,"date":"2010-02-28T21:40:19","date_gmt":"2010-02-28T20:40:19","guid":{"rendered":"http:\/\/www.hamborger-schietgaeng.de\/schietgaeng\/wordpress\/?page_id=105"},"modified":"2010-02-28T21:40:19","modified_gmt":"2010-02-28T20:40:19","slug":"impressum","status":"publish","type":"page","link":"https:\/\/hamborger-schietgaeng.de\/?page_id=105","title":{"rendered":"Impressum"},"content":{"rendered":"<p>Andreas Werling<br \/>\nTel. 040 &#8211; 693 76 76<\/p>\n<p><a href=\"mailto:awe-kultour@gmx\">awe-kultour@gmx<\/a><\/p>\n<p>Schietg\u00e4ng-Foto: Manfred Schulze-Alex<\/p>\n<p>\u201eEs gelten die Vorschriften des deutschen Urheberrechts in seiner jeweiligen Fassung. Alle Rechte der Urheber an den gesch\u00fctzten Werken, die auf der Website enthalten sind, bleiben vorbehalten. Ohne ausdr\u00fcckliche Genehmigung durch die GEMA darf eine weitergehende Nutzung der Werke, \u00fcber das Anh\u00f6ren der eingestellten Musikwerke hinaus, nicht erfolgen.\u201c<\/p>\n<p>Die Links auf andere Seiten sind gepr\u00fcft, es wird jedoch keinerlei Haftung f\u00fcr die dortigen Inhalte \u00fcbernommen.<\/p>\n<h2>Datenschutzhinweis<\/h2>\n<p>Diese Seite benutzt Cookies f\u00fcr die Funktion des Systems WordPress. Eine weitere Verarbeitung findet nicht statt.<\/p>\n<p>Ein Statistik-Plugin ermittelt anonymisiert die H\u00e4ufigkeit der Nutzung der Seite. Ein R\u00fcckschluss auf einzelne Benutzer ist uns nicht m\u00f6glich.<br \/>\nWenn Sie uns eine E-Mail schreiben, wird diese sowie die Adresse automatisch im E-Mail Programm gespeichert, der Zweck ist die Kontaktaufnahme.<\/p>\n","protected":false},"excerpt":{"rendered":"<p>Andreas Werling Tel. 040 &#8211; 693 76 76 awe-kultour@gmx Schietg\u00e4ng-Foto: Manfred Schulze-Alex \u201eEs gelten die Vorschriften des deutschen Urheberrechts in seiner jeweiligen Fassung. Alle Rechte der Urheber an den gesch\u00fctzten &hellip; <\/p>\n<p class=\"link-more\"><a href=\"https:\/\/hamborger-schietgaeng.de\/?page_id=105\" class=\"more-link\"><span class=\"screen-reader-text\">\u201eImpressum\u201c <\/span>weiterlesen<\/a><\/p>\n","protected":false},"author":2,"featured_media":0,"parent":0,"menu_order":0,"comment_status":"closed","ping_status":"closed","template":"","meta":{"ngg_post_thumbnail":0,"footnotes":""},"class_list":["post-105","page","type-page","status-publish","hentry"],"_links":{"self":[{"href":"https:\/\/hamborger-schietgaeng.de\/index.php?rest_route=\/wp\/v2\/pages\/105","targetHints":{"allow":["GET"]}}],"collection":[{"href":"https:\/\/hamborger-schietgaeng.de\/index.php?rest_route=\/wp\/v2\/pages"}],"about":[{"href":"https:\/\/hamborger-schietgaeng.de\/index.php?rest_route=\/wp\/v2\/types\/page"}],"author":[{"embeddable":true,"href":"https:\/\/hamborger-schietgaeng.de\/index.php?rest_route=\/wp\/v2\/users\/2"}],"replies":[{"embeddable":true,"href":"https:\/\/hamborger-schietgaeng.de\/index.php?rest_route=%2Fwp%2Fv2%2Fcomments&post=105"}],"version-history":[{"count":0,"href":"https:\/\/hamborger-schietgaeng.de\/index.php?rest_route=\/wp\/v2\/pages\/105\/revisions"}],"wp:attachment":[{"href":"https:\/\/hamborger-schietgaeng.de\/index.php?rest_route=%2Fwp%2Fv2%2Fmedia&parent=105"}],"curies":[{"name":"wp","href":"https:\/\/api.w.org\/{rel}","templated":true}]}}