{"id":1016,"date":"2010-01-22T22:17:54","date_gmt":"2010-01-22T22:17:54","guid":{"rendered":"http:\/\/www.hamborger-schietgaeng.de\/schietgaeng\/wordpress\/?page_id=16"},"modified":"2021-11-06T21:26:20","modified_gmt":"2021-11-06T20:26:20","slug":"kontakt-impressum","status":"publish","type":"page","link":"https:\/\/hamborger-schietgaeng.de\/?page_id=1016","title":{"rendered":"Kontakt \/ Buchung \/ Downloads"},"content":{"rendered":"<p>Die Hamborger Schietg\u00e4ng&nbsp;spielt in Konzerts\u00e4len und auf Kleinkunstb\u00fchnen, auf Kongressen, Festivals, Jubil\u00e4en, Er\u00f6ffnungen, Stra\u00dfen- und Stadtfesten,&nbsp;Privatfeiern, Galas, Schiffen &#8230; und gern auch bei Ihnen.<br \/>\nNehmen Sie einfach Kontakt mit uns auf. Technische Bedingungen, individuelle W\u00fcnsche und Gagen besprechen wir pers\u00f6nlich.<br \/>\nDenn man to!<\/p>\n<p>Andreas Werling<br \/>\nTel. 040 &#8211; 693 76 76<br \/>\n<a href=\"mailto:awe-kultour@gmx.de\">awe-kultour@gmx.de<\/a><\/p>\n<h2>Downloads<\/h2>\n<p><a href=\"https:\/\/hamborger-schietgaeng.de\/wp-content\/uploads\/2021\/11\/Pressetext-2021-1.docx\" target=\"_blank\" rel=\"noopener\">Pressetext 2021<\/a> <a href=\"https:\/\/hamborger-schietgaeng.de\/wp-content\/uploads\/2021\/11\/Pressetext-2021-1.pdf\" target=\"_blank\" rel=\"noopener\">Pressetext 2021 als PDF<\/a><\/p>\n<p><a href=\"https:\/\/hamborger-schietgaeng.de\/wp-content\/uploads\/2021\/11\/Technical-Rider-5-Musiker-1.pdf\" target=\"_blank\" rel=\"noopener\">Technical Rider 5 Musiker<\/a><\/p>\n","protected":false},"excerpt":{"rendered":"<p>Die Hamborger Schietg\u00e4ng&nbsp;spielt in Konzerts\u00e4len und auf Kleinkunstb\u00fchnen, auf Kongressen, Festivals, Jubil\u00e4en, Er\u00f6ffnungen, Stra\u00dfen- und Stadtfesten,&nbsp;Privatfeiern, Galas, Schiffen &#8230; und gern auch bei Ihnen. Nehmen Sie einfach Kontakt mit uns &hellip; <\/p>\n<p class=\"link-more\"><a href=\"https:\/\/hamborger-schietgaeng.de\/?page_id=1016\" class=\"more-link\"><span class=\"screen-reader-text\">\u201eKontakt \/ Buchung \/ Downloads\u201c <\/span>weiterlesen<\/a><\/p>\n","protected":false},"author":1,"featured_media":0,"parent":0,"menu_order":0,"comment_status":"closed","ping_status":"closed","template":"","meta":{"ngg_post_thumbnail":0,"footnotes":""},"class_list":["post-1016","page","type-page","status-publish","hentry"],"_links":{"self":[{"href":"https:\/\/hamborger-schietgaeng.de\/index.php?rest_route=\/wp\/v2\/pages\/1016","targetHints":{"allow":["GET"]}}],"collection":[{"href":"https:\/\/hamborger-schietgaeng.de\/index.php?rest_route=\/wp\/v2\/pages"}],"about":[{"href":"https:\/\/hamborger-schietgaeng.de\/index.php?rest_route=\/wp\/v2\/types\/page"}],"author":[{"embeddable":true,"href":"https:\/\/hamborger-schietgaeng.de\/index.php?rest_route=\/wp\/v2\/users\/1"}],"replies":[{"embeddable":true,"href":"https:\/\/hamborger-schietgaeng.de\/index.php?rest_route=%2Fwp%2Fv2%2Fcomments&post=1016"}],"version-history":[{"count":0,"href":"https:\/\/hamborger-schietgaeng.de\/index.php?rest_route=\/wp\/v2\/pages\/1016\/revisions"}],"wp:attachment":[{"href":"https:\/\/hamborger-schietgaeng.de\/index.php?rest_route=%2Fwp%2Fv2%2Fmedia&parent=1016"}],"curies":[{"name":"wp","href":"https:\/\/api.w.org\/{rel}","templated":true}]}}